{"id":22989,"date":"2025-06-15T12:30:52","date_gmt":"2025-06-15T10:30:52","guid":{"rendered":"https:\/\/www.stopmole.co\/products\/mole-killer\/"},"modified":"2025-06-15T14:27:04","modified_gmt":"2025-06-15T12:27:04","slug":"mole-killer","status":"publish","type":"product","link":"https:\/\/www.stopmole.co\/lt\/products\/mole-killer\/","title":{"rendered":"Kurmi\u0173 gaudykl\u0117"},"content":{"rendered":"<p><img decoding=\"async\" src=\"https:\/\/www.stopmole.co\/wp-content\/uploads\/2025\/06\/Feedbin-Icon-check.svg_8faf4e0b-f89d-486c-aa08-b431a33525ea_icon.png?v=1541148886\" alt=\"\" width=\"18\" height=\"15\" data-mce-fragment=\"1\" \/> \u00a0<strong>Labai veiksmingas:<\/strong> \u0160i kurmi\u0173 gaudykl\u0117 sukurta taip, kad efektyviai sunaikint\u0173 iki 10 000 kurmi\u0173 ir u\u017etikrint\u0173, jog j\u016bs\u0173 sode ar vejoje neliks \u0161i\u0173 kenk\u0117j\u0173.<\/p>\n<p><img decoding=\"async\" src=\"https:\/\/www.stopmole.co\/wp-content\/uploads\/2025\/06\/Feedbin-Icon-check.svg_8faf4e0b-f89d-486c-aa08-b431a33525ea_icon.png?v=1541148886\" alt=\"\" width=\"18\" height=\"15\" data-mce-fragment=\"1\" \/>\u00a0 \u00a0<strong>Patvarus ir tvirtas:<\/strong> \u0160i gaudykl\u0117 pagaminta i\u0161 auk\u0161tos kokyb\u0117s metalo, tod\u0117l yra ilgaam\u017e\u0117 ir atspari oro s\u0105lygoms.<\/p>\n<p><img decoding=\"async\" src=\"https:\/\/www.stopmole.co\/wp-content\/uploads\/2025\/06\/Feedbin-Icon-check.svg_8faf4e0b-f89d-486c-aa08-b431a33525ea_icon.png?v=1541148886\" alt=\"\" width=\"18\" height=\"15\" data-mce-fragment=\"1\" \/>\u00a0 \u00a0<strong>Daugkartinio naudojimo:<\/strong> Gaudykl\u0119 galima naudoti kelis kartus, tod\u0117l ji yra ekonomi\u0161kai efektyvus nuolatini\u0173 apgam\u0173 problem\u0173 sprendimas.<\/p>\n<p><img decoding=\"async\" src=\"https:\/\/www.stopmole.co\/wp-content\/uploads\/2025\/06\/Feedbin-Icon-check.svg_8faf4e0b-f89d-486c-aa08-b431a33525ea_icon.png?v=1541148886\" alt=\"\" width=\"18\" height=\"15\" data-mce-fragment=\"1\" \/>\u00a0 \u00a0<strong>Pinig\u0173 gr\u0105\u017einimo garantija:<\/strong> Jei m\u016bs\u0173 gaudykl\u0117 nepateisins j\u016bs\u0173 l\u016bkes\u010di\u0173, si\u016blome visi\u0161k\u0105 pinig\u0173 gr\u0105\u017einimo garantij\u0105, kad b\u016btum\u0117te patenkinti.<\/p>\n<p><img decoding=\"async\" src=\"https:\/\/www.stopmole.co\/wp-content\/uploads\/2025\/06\/Feedbin-Icon-check.svg_8faf4e0b-f89d-486c-aa08-b431a33525ea_icon.png?v=1541148886\" alt=\"\" width=\"18\" height=\"15\" data-mce-fragment=\"1\" \/>\u00a0 \u00a0<strong>Universalus:<\/strong> Tinka vis\u0173 tip\u0173 apgamams, \u012fskaitant kai kuriuos labiausiai paplitusius, pavyzd\u017eiui, europin\u012f apgam\u0105, \u017evaig\u017ed\u0117t\u0105j\u012f apgam\u0105, rytin\u012f apgam\u0105 ir pakran\u010di\u0173 apgam\u0105.<\/p>\n<p><strong>Naudojimo instrukcijos:<\/strong><\/p>\n<ul>\n<li>Nustatykite sode ar vejoje esant\u012f aktyv\u0173 kurmi\u0173 tunel\u012f.<\/li>\n<li>I\u0161kaskite duob\u0119 kurmi\u0173 tunelyje ir tvirtai \u012fstatykite sp\u0105stus \u012f duob\u0119.<\/li>\n<li>\u012esitikinkite, kad gaudykl\u0117 tinkamai nustatyta ir spyruoklinis mechanizmas yra aktyvus.<\/li>\n<li>Gaudykl\u0119 lengvai u\u017eberkite \u017eem\u0117mis, palikdami atvir\u0105 gaiduk\u0105.<\/li>\n<li>Reguliariai tikrinkite gaudykl\u0119 ir saugiai pa\u0161alinkite visus sugautus apgamus. Prireikus gaudykl\u0119 i\u0161 naujo nustatykite, kad j\u0105 b\u016bt\u0173 galima toliau naudoti.<\/li>\n<\/ul>","protected":false},"excerpt":{"rendered":"<p>\u00a0Highly Effective: This mole trap is designed to eliminate up to 10,000 moles efficiently, ensuring your garden or lawn is free from these pests. \u00a0 \u00a0Durable and Sturdy: Crafted from high-quality metal, this trap is built to last, providing long-term performance and resistance to weather conditions. \u00a0 \u00a0Reusable: The trap can be used multiple times, [&hellip;]<\/p>\n","protected":false},"featured_media":22994,"comment_status":"open","ping_status":"closed","template":"","meta":{"_uag_custom_page_level_css":"","site-sidebar-layout":"default","site-content-layout":"","ast-site-content-layout":"default","site-content-style":"default","site-sidebar-style":"default","ast-global-header-display":"","ast-banner-title-visibility":"","ast-main-header-display":"","ast-hfb-above-header-display":"","ast-hfb-below-header-display":"","ast-hfb-mobile-header-display":"","site-post-title":"","ast-breadcrumbs-content":"","ast-featured-img":"","footer-sml-layout":"","ast-disable-related-posts":"","theme-transparent-header-meta":"default","adv-header-id-meta":"","stick-header-meta":"","header-above-stick-meta":"","header-main-stick-meta":"","header-below-stick-meta":"","astra-migrate-meta-layouts":"set","ast-page-background-enabled":"default","ast-page-background-meta":{"desktop":{"background-color":"var(--ast-global-color-4)","background-image":"","background-repeat":"repeat","background-position":"center center","background-size":"auto","background-attachment":"scroll","background-type":"","background-media":"","overlay-type":"","overlay-color":"","overlay-opacity":"","overlay-gradient":""},"tablet":{"background-color":"","background-image":"","background-repeat":"repeat","background-position":"center center","background-size":"auto","background-attachment":"scroll","background-type":"","background-media":"","overlay-type":"","overlay-color":"","overlay-opacity":"","overlay-gradient":""},"mobile":{"background-color":"","background-image":"","background-repeat":"repeat","background-position":"center center","background-size":"auto","background-attachment":"scroll","background-type":"","background-media":"","overlay-type":"","overlay-color":"","overlay-opacity":"","overlay-gradient":""}},"ast-content-background-meta":{"desktop":{"background-color":"var(--ast-global-color-5)","background-image":"","background-repeat":"repeat","background-position":"center center","background-size":"auto","background-attachment":"scroll","background-type":"","background-media":"","overlay-type":"","overlay-color":"","overlay-opacity":"","overlay-gradient":""},"tablet":{"background-color":"var(--ast-global-color-5)","background-image":"","background-repeat":"repeat","background-position":"center center","background-size":"auto","background-attachment":"scroll","background-type":"","background-media":"","overlay-type":"","overlay-color":"","overlay-opacity":"","overlay-gradient":""},"mobile":{"background-color":"var(--ast-global-color-5)","background-image":"","background-repeat":"repeat","background-position":"center center","background-size":"auto","background-attachment":"scroll","background-type":"","background-media":"","overlay-type":"","overlay-color":"","overlay-opacity":"","overlay-gradient":""}}},"product_brand":[],"product_cat":[15],"product_tag":[],"class_list":{"0":"post-22989","1":"product","2":"type-product","3":"status-publish","4":"has-post-thumbnail","6":"product_cat-shop","7":"desktop-align-left","8":"tablet-align-left","9":"mobile-align-left","11":"first","12":"instock","13":"taxable","14":"shipping-taxable","15":"purchasable","16":"product-type-simple"},"spectra_custom_meta":{"_visibility":["visible"],"_shopify_product_id":["7729645912304"],"_s2w_shopify_domain":["stopmole.myshopify.com"],"_shopify_variant_id":["42380257919216"],"_sku":["SMMOLEKILLER"],"_regular_price":["29.90"],"_price":["29.90"],"_sale_price":[""],"_weight":["0.2"],"_thumbnail_id":["22994"],"_global_unique_id":["5056773801059"],"total_sales":["55"],"_tax_status":["taxable"],"_tax_class":[""],"_manage_stock":["no"],"_backorders":["no"],"_sold_individually":["no"],"_virtual":["no"],"_downloadable":["no"],"_download_limit":["-1"],"_download_expiry":["-1"],"_stock":[null],"_stock_status":["instock"],"_wc_average_rating":["4.47"],"_wc_review_count":["447"],"_product_version":["9.9.3"],"_edit_lock":["1749989923:1"],"merchant-center-id":["MOL"],"merchant-center-availability":["yes"],"merchant-center-category":["7137"],"_edit_last":["1"],"_wp_page_template":["default"],"site-sidebar-layout":["default"],"ast-site-content-layout":["default"],"site-content-style":["default"],"site-sidebar-style":["default"],"theme-transparent-header-meta":["default"],"astra-migrate-meta-layouts":["set"],"_wc_rating_count":["a:3:{i:3;i:61;i:4;i:117;i:5;i:269;}"],"_uag_css_file_name":["uag-css-22989.css"],"_elementor_page_assets":["a:0:{}"]},"uagb_featured_image_src":{"full":["https:\/\/www.stopmole.co\/wp-content\/uploads\/2025\/06\/40600-box-halfside-mockup.jpg",2560,2560,false],"thumbnail":["https:\/\/www.stopmole.co\/wp-content\/uploads\/2025\/06\/40600-box-halfside-mockup-150x150.jpg",150,150,true],"medium":["https:\/\/www.stopmole.co\/wp-content\/uploads\/2025\/06\/40600-box-halfside-mockup-300x300.jpg",300,300,true],"medium_large":["https:\/\/www.stopmole.co\/wp-content\/uploads\/2025\/06\/40600-box-halfside-mockup-768x768.jpg",768,768,true],"large":["https:\/\/www.stopmole.co\/wp-content\/uploads\/2025\/06\/40600-box-halfside-mockup-1024x1024.jpg",1024,1024,true],"1536x1536":["https:\/\/www.stopmole.co\/wp-content\/uploads\/2025\/06\/40600-box-halfside-mockup-1536x1536.jpg",1536,1536,true],"2048x2048":["https:\/\/www.stopmole.co\/wp-content\/uploads\/2025\/06\/40600-box-halfside-mockup-2048x2048.jpg",2048,2048,true],"trp-custom-language-flag":["https:\/\/www.stopmole.co\/wp-content\/uploads\/2025\/06\/40600-box-halfside-mockup-12x12.jpg",12,12,true],"woocommerce_thumbnail":["https:\/\/www.stopmole.co\/wp-content\/uploads\/2025\/06\/40600-box-halfside-mockup-300x300.jpg",300,300,true],"woocommerce_single":["https:\/\/www.stopmole.co\/wp-content\/uploads\/2025\/06\/40600-box-halfside-mockup-600x600.jpg",600,600,true],"woocommerce_gallery_thumbnail":["https:\/\/www.stopmole.co\/wp-content\/uploads\/2025\/06\/40600-box-halfside-mockup-100x100.jpg",100,100,true]},"uagb_author_info":{"display_name":"admin","author_link":"https:\/\/www.stopmole.co\/lt\/author\/"},"uagb_comment_info":447,"uagb_excerpt":"\u00a0Highly Effective: This mole trap is designed to eliminate up to 10,000 moles efficiently, ensuring your garden or lawn is free from these pests. \u00a0 \u00a0Durable and Sturdy: Crafted from high-quality metal, this trap is built to last, providing long-term performance and resistance to weather conditions. \u00a0 \u00a0Reusable: The trap can be used multiple times,&hellip;","_links":{"self":[{"href":"https:\/\/www.stopmole.co\/lt\/wp-json\/wp\/v2\/product\/22989","targetHints":{"allow":["GET"]}}],"collection":[{"href":"https:\/\/www.stopmole.co\/lt\/wp-json\/wp\/v2\/product"}],"about":[{"href":"https:\/\/www.stopmole.co\/lt\/wp-json\/wp\/v2\/types\/product"}],"replies":[{"embeddable":true,"href":"https:\/\/www.stopmole.co\/lt\/wp-json\/wp\/v2\/comments?post=22989"}],"version-history":[{"count":2,"href":"https:\/\/www.stopmole.co\/lt\/wp-json\/wp\/v2\/product\/22989\/revisions"}],"predecessor-version":[{"id":23034,"href":"https:\/\/www.stopmole.co\/lt\/wp-json\/wp\/v2\/product\/22989\/revisions\/23034"}],"wp:featuredmedia":[{"embeddable":true,"href":"https:\/\/www.stopmole.co\/lt\/wp-json\/wp\/v2\/media\/22994"}],"wp:attachment":[{"href":"https:\/\/www.stopmole.co\/lt\/wp-json\/wp\/v2\/media?parent=22989"}],"wp:term":[{"taxonomy":"product_brand","embeddable":true,"href":"https:\/\/www.stopmole.co\/lt\/wp-json\/wp\/v2\/product_brand?post=22989"},{"taxonomy":"product_cat","embeddable":true,"href":"https:\/\/www.stopmole.co\/lt\/wp-json\/wp\/v2\/product_cat?post=22989"},{"taxonomy":"product_tag","embeddable":true,"href":"https:\/\/www.stopmole.co\/lt\/wp-json\/wp\/v2\/product_tag?post=22989"}],"curies":[{"name":"wp","href":"https:\/\/api.w.org\/{rel}","templated":true}]}}