{"id":22989,"date":"2025-06-15T12:30:52","date_gmt":"2025-06-15T10:30:52","guid":{"rendered":"https:\/\/www.stopmole.co\/products\/mole-killer\/"},"modified":"2025-06-15T14:27:04","modified_gmt":"2025-06-15T12:27:04","slug":"mole-killer","status":"publish","type":"product","link":"https:\/\/www.stopmole.co\/hu\/products\/mole-killer\/","title":{"rendered":"Vakondcsapda"},"content":{"rendered":"<p><img decoding=\"async\" src=\"https:\/\/www.stopmole.co\/wp-content\/uploads\/2025\/06\/Feedbin-Icon-check.svg_8faf4e0b-f89d-486c-aa08-b431a33525ea_icon.png?v=1541148886\" alt=\"\" width=\"18\" height=\"15\" data-mce-fragment=\"1\" \/> \u00a0<strong>Rendk\u00edv\u00fcl hat\u00e9kony:<\/strong> Ezt a vakondcsapd\u00e1t \u00fagy tervezt\u00e9k, hogy ak\u00e1r 10 000 vakondot is hat\u00e9konyan elpuszt\u00edtson, \u00edgy biztos\u00edtva, hogy kertje vagy p\u00e1zsitja mentes legyen ezekt\u0151l a k\u00e1rtev\u0151kt\u0151l.<\/p>\n<p><img decoding=\"async\" src=\"https:\/\/www.stopmole.co\/wp-content\/uploads\/2025\/06\/Feedbin-Icon-check.svg_8faf4e0b-f89d-486c-aa08-b431a33525ea_icon.png?v=1541148886\" alt=\"\" width=\"18\" height=\"15\" data-mce-fragment=\"1\" \/>\u00a0 \u00a0<strong>Tart\u00f3s \u00e9s massz\u00edv:<\/strong> A kiv\u00e1l\u00f3 min\u0151s\u00e9g\u0171 f\u00e9mb\u0151l k\u00e9sz\u00fclt csapda hossz\u00fa \u00e9lettartamra k\u00e9sz\u00fclt, hossz\u00fa t\u00e1v\u00fa teljes\u00edtm\u00e9nyt \u00e9s id\u0151j\u00e1r\u00e1s\u00e1ll\u00f3s\u00e1got biztos\u00edt.<\/p>\n<p><img decoding=\"async\" src=\"https:\/\/www.stopmole.co\/wp-content\/uploads\/2025\/06\/Feedbin-Icon-check.svg_8faf4e0b-f89d-486c-aa08-b431a33525ea_icon.png?v=1541148886\" alt=\"\" width=\"18\" height=\"15\" data-mce-fragment=\"1\" \/>\u00a0 \u00a0<strong>\u00dajrafelhaszn\u00e1lhat\u00f3:<\/strong> A csapda t\u00f6bbsz\u00f6r is haszn\u00e1lhat\u00f3, \u00edgy k\u00f6lts\u00e9ghat\u00e9kony megold\u00e1st jelent a folyamatos vakondprobl\u00e9m\u00e1k megold\u00e1s\u00e1ra.<\/p>\n<p><img decoding=\"async\" src=\"https:\/\/www.stopmole.co\/wp-content\/uploads\/2025\/06\/Feedbin-Icon-check.svg_8faf4e0b-f89d-486c-aa08-b431a33525ea_icon.png?v=1541148886\" alt=\"\" width=\"18\" height=\"15\" data-mce-fragment=\"1\" \/>\u00a0 \u00a0<strong>P\u00e9nz-visszafizet\u00e9si garancia:<\/strong> Ha csapd\u00e1nk nem felel meg az elv\u00e1r\u00e1sainak, teljes p\u00e9nzvisszafizet\u00e9si garanci\u00e1t v\u00e1llalunk az \u00d6n el\u00e9gedetts\u00e9g\u00e9re.<\/p>\n<p><img decoding=\"async\" src=\"https:\/\/www.stopmole.co\/wp-content\/uploads\/2025\/06\/Feedbin-Icon-check.svg_8faf4e0b-f89d-486c-aa08-b431a33525ea_icon.png?v=1541148886\" alt=\"\" width=\"18\" height=\"15\" data-mce-fragment=\"1\" \/>\u00a0 \u00a0<strong>Sokoldal\u00fa:<\/strong> Minden vakondt\u00edpusra alkalmas, bele\u00e9rtve a leggyakoribbakat is, mint p\u00e9ld\u00e1ul az eur\u00f3pai vakond, a csillagorr\u00fa vakond, a keleti vakond \u00e9s a parti vakond.<\/p>\n<p><strong>Haszn\u00e1lati utas\u00edt\u00e1sok:<\/strong><\/p>\n<ul>\n<li>Azonos\u00edtsa a kertj\u00e9ben vagy a gyepen tal\u00e1lhat\u00f3 akt\u00edv vakondj\u00e1ratot.<\/li>\n<li>\u00c1sson egy g\u00f6dr\u00f6t a vakond alag\u00fatj\u00e1ban, \u00e9s helyezze a csapd\u00e1t biztons\u00e1gosan a g\u00f6d\u00f6rbe.<\/li>\n<li>Gy\u0151z\u0151dj\u00f6n meg r\u00f3la, hogy a csapda megfelel\u0151en van be\u00e1ll\u00edtva, \u00e9s a rug\u00f3s mechanizmus akt\u00edv.<\/li>\n<li>A csapd\u00e1t enyh\u00e9n fedje be f\u00f6lddel, a kiold\u00f3szerkezetet szabadon hagyva.<\/li>\n<li>Rendszeresen ellen\u0151rizze a csapd\u00e1t, \u00e9s biztons\u00e1gosan t\u00e1vol\u00edtsa el a befogott vakondokat. A folyamatos haszn\u00e1lathoz sz\u00fcks\u00e9g szerint \u00e1ll\u00edtsa vissza a csapd\u00e1t.<\/li>\n<\/ul>","protected":false},"excerpt":{"rendered":"<p>\u00a0Highly Effective: This mole trap is designed to eliminate up to 10,000 moles efficiently, ensuring your garden or lawn is free from these pests. \u00a0 \u00a0Durable and Sturdy: Crafted from high-quality metal, this trap is built to last, providing long-term performance and resistance to weather conditions. \u00a0 \u00a0Reusable: The trap can be used multiple times, [&hellip;]<\/p>\n","protected":false},"featured_media":22994,"comment_status":"open","ping_status":"closed","template":"","meta":{"_uag_custom_page_level_css":"","site-sidebar-layout":"default","site-content-layout":"","ast-site-content-layout":"default","site-content-style":"default","site-sidebar-style":"default","ast-global-header-display":"","ast-banner-title-visibility":"","ast-main-header-display":"","ast-hfb-above-header-display":"","ast-hfb-below-header-display":"","ast-hfb-mobile-header-display":"","site-post-title":"","ast-breadcrumbs-content":"","ast-featured-img":"","footer-sml-layout":"","ast-disable-related-posts":"","theme-transparent-header-meta":"default","adv-header-id-meta":"","stick-header-meta":"","header-above-stick-meta":"","header-main-stick-meta":"","header-below-stick-meta":"","astra-migrate-meta-layouts":"set","ast-page-background-enabled":"default","ast-page-background-meta":{"desktop":{"background-color":"var(--ast-global-color-4)","background-image":"","background-repeat":"repeat","background-position":"center center","background-size":"auto","background-attachment":"scroll","background-type":"","background-media":"","overlay-type":"","overlay-color":"","overlay-opacity":"","overlay-gradient":""},"tablet":{"background-color":"","background-image":"","background-repeat":"repeat","background-position":"center center","background-size":"auto","background-attachment":"scroll","background-type":"","background-media":"","overlay-type":"","overlay-color":"","overlay-opacity":"","overlay-gradient":""},"mobile":{"background-color":"","background-image":"","background-repeat":"repeat","background-position":"center center","background-size":"auto","background-attachment":"scroll","background-type":"","background-media":"","overlay-type":"","overlay-color":"","overlay-opacity":"","overlay-gradient":""}},"ast-content-background-meta":{"desktop":{"background-color":"var(--ast-global-color-5)","background-image":"","background-repeat":"repeat","background-position":"center center","background-size":"auto","background-attachment":"scroll","background-type":"","background-media":"","overlay-type":"","overlay-color":"","overlay-opacity":"","overlay-gradient":""},"tablet":{"background-color":"var(--ast-global-color-5)","background-image":"","background-repeat":"repeat","background-position":"center center","background-size":"auto","background-attachment":"scroll","background-type":"","background-media":"","overlay-type":"","overlay-color":"","overlay-opacity":"","overlay-gradient":""},"mobile":{"background-color":"var(--ast-global-color-5)","background-image":"","background-repeat":"repeat","background-position":"center center","background-size":"auto","background-attachment":"scroll","background-type":"","background-media":"","overlay-type":"","overlay-color":"","overlay-opacity":"","overlay-gradient":""}}},"product_brand":[],"product_cat":[15],"product_tag":[],"class_list":{"0":"post-22989","1":"product","2":"type-product","3":"status-publish","4":"has-post-thumbnail","6":"product_cat-shop","7":"desktop-align-left","8":"tablet-align-left","9":"mobile-align-left","11":"first","12":"instock","13":"taxable","14":"shipping-taxable","15":"purchasable","16":"product-type-simple"},"spectra_custom_meta":{"_visibility":["visible"],"_shopify_product_id":["7729645912304"],"_s2w_shopify_domain":["stopmole.myshopify.com"],"_shopify_variant_id":["42380257919216"],"_sku":["SMMOLEKILLER"],"_regular_price":["29.90"],"_price":["29.90"],"_sale_price":[""],"_weight":["0.2"],"_thumbnail_id":["22994"],"_global_unique_id":["5056773801059"],"total_sales":["55"],"_tax_status":["taxable"],"_tax_class":[""],"_manage_stock":["no"],"_backorders":["no"],"_sold_individually":["no"],"_virtual":["no"],"_downloadable":["no"],"_download_limit":["-1"],"_download_expiry":["-1"],"_stock":[null],"_stock_status":["instock"],"_wc_average_rating":["4.47"],"_wc_review_count":["447"],"_product_version":["9.9.3"],"_edit_lock":["1749989923:1"],"merchant-center-id":["MOL"],"merchant-center-availability":["yes"],"merchant-center-category":["7137"],"_edit_last":["1"],"_wp_page_template":["default"],"site-sidebar-layout":["default"],"ast-site-content-layout":["default"],"site-content-style":["default"],"site-sidebar-style":["default"],"theme-transparent-header-meta":["default"],"astra-migrate-meta-layouts":["set"],"_wc_rating_count":["a:3:{i:3;i:61;i:4;i:117;i:5;i:269;}"],"_uag_css_file_name":["uag-css-22989.css"],"_elementor_page_assets":["a:0:{}"]},"uagb_featured_image_src":{"full":["https:\/\/www.stopmole.co\/wp-content\/uploads\/2025\/06\/40600-box-halfside-mockup.jpg",2560,2560,false],"thumbnail":["https:\/\/www.stopmole.co\/wp-content\/uploads\/2025\/06\/40600-box-halfside-mockup-150x150.jpg",150,150,true],"medium":["https:\/\/www.stopmole.co\/wp-content\/uploads\/2025\/06\/40600-box-halfside-mockup-300x300.jpg",300,300,true],"medium_large":["https:\/\/www.stopmole.co\/wp-content\/uploads\/2025\/06\/40600-box-halfside-mockup-768x768.jpg",768,768,true],"large":["https:\/\/www.stopmole.co\/wp-content\/uploads\/2025\/06\/40600-box-halfside-mockup-1024x1024.jpg",1024,1024,true],"1536x1536":["https:\/\/www.stopmole.co\/wp-content\/uploads\/2025\/06\/40600-box-halfside-mockup-1536x1536.jpg",1536,1536,true],"2048x2048":["https:\/\/www.stopmole.co\/wp-content\/uploads\/2025\/06\/40600-box-halfside-mockup-2048x2048.jpg",2048,2048,true],"trp-custom-language-flag":["https:\/\/www.stopmole.co\/wp-content\/uploads\/2025\/06\/40600-box-halfside-mockup-12x12.jpg",12,12,true],"woocommerce_thumbnail":["https:\/\/www.stopmole.co\/wp-content\/uploads\/2025\/06\/40600-box-halfside-mockup-300x300.jpg",300,300,true],"woocommerce_single":["https:\/\/www.stopmole.co\/wp-content\/uploads\/2025\/06\/40600-box-halfside-mockup-600x600.jpg",600,600,true],"woocommerce_gallery_thumbnail":["https:\/\/www.stopmole.co\/wp-content\/uploads\/2025\/06\/40600-box-halfside-mockup-100x100.jpg",100,100,true]},"uagb_author_info":{"display_name":"admin","author_link":"https:\/\/www.stopmole.co\/hu\/author\/"},"uagb_comment_info":447,"uagb_excerpt":"\u00a0Highly Effective: This mole trap is designed to eliminate up to 10,000 moles efficiently, ensuring your garden or lawn is free from these pests. \u00a0 \u00a0Durable and Sturdy: Crafted from high-quality metal, this trap is built to last, providing long-term performance and resistance to weather conditions. \u00a0 \u00a0Reusable: The trap can be used multiple times,&hellip;","_links":{"self":[{"href":"https:\/\/www.stopmole.co\/hu\/wp-json\/wp\/v2\/product\/22989","targetHints":{"allow":["GET"]}}],"collection":[{"href":"https:\/\/www.stopmole.co\/hu\/wp-json\/wp\/v2\/product"}],"about":[{"href":"https:\/\/www.stopmole.co\/hu\/wp-json\/wp\/v2\/types\/product"}],"replies":[{"embeddable":true,"href":"https:\/\/www.stopmole.co\/hu\/wp-json\/wp\/v2\/comments?post=22989"}],"version-history":[{"count":2,"href":"https:\/\/www.stopmole.co\/hu\/wp-json\/wp\/v2\/product\/22989\/revisions"}],"predecessor-version":[{"id":23034,"href":"https:\/\/www.stopmole.co\/hu\/wp-json\/wp\/v2\/product\/22989\/revisions\/23034"}],"wp:featuredmedia":[{"embeddable":true,"href":"https:\/\/www.stopmole.co\/hu\/wp-json\/wp\/v2\/media\/22994"}],"wp:attachment":[{"href":"https:\/\/www.stopmole.co\/hu\/wp-json\/wp\/v2\/media?parent=22989"}],"wp:term":[{"taxonomy":"product_brand","embeddable":true,"href":"https:\/\/www.stopmole.co\/hu\/wp-json\/wp\/v2\/product_brand?post=22989"},{"taxonomy":"product_cat","embeddable":true,"href":"https:\/\/www.stopmole.co\/hu\/wp-json\/wp\/v2\/product_cat?post=22989"},{"taxonomy":"product_tag","embeddable":true,"href":"https:\/\/www.stopmole.co\/hu\/wp-json\/wp\/v2\/product_tag?post=22989"}],"curies":[{"name":"wp","href":"https:\/\/api.w.org\/{rel}","templated":true}]}}