{"id":22989,"date":"2025-06-15T12:30:52","date_gmt":"2025-06-15T10:30:52","guid":{"rendered":"https:\/\/www.stopmole.co\/products\/mole-killer\/"},"modified":"2025-06-15T14:27:04","modified_gmt":"2025-06-15T12:27:04","slug":"mole-killer","status":"publish","type":"product","link":"https:\/\/www.stopmole.co\/cz\/products\/mole-killer\/","title":{"rendered":"Past na krtky"},"content":{"rendered":"<p><img decoding=\"async\" src=\"https:\/\/www.stopmole.co\/wp-content\/uploads\/2025\/06\/Feedbin-Icon-check.svg_8faf4e0b-f89d-486c-aa08-b431a33525ea_icon.png?v=1541148886\" alt=\"\" width=\"18\" height=\"15\" data-mce-fragment=\"1\" \/> \u00a0<strong>Vysoce efektivn\u00ed:<\/strong> Tato past na krtky je navr\u017eena tak, aby \u00fa\u010dinn\u011b zlikvidovala a\u017e 10 000 krtk\u016f a zajistila, \u017ee va\u0161e zahrada nebo tr\u00e1vn\u00edk budou bez t\u011bchto \u0161k\u016fdc\u016f.<\/p>\n<p><img decoding=\"async\" src=\"https:\/\/www.stopmole.co\/wp-content\/uploads\/2025\/06\/Feedbin-Icon-check.svg_8faf4e0b-f89d-486c-aa08-b431a33525ea_icon.png?v=1541148886\" alt=\"\" width=\"18\" height=\"15\" data-mce-fragment=\"1\" \/>\u00a0 \u00a0<strong>Odoln\u00e9 a robustn\u00ed:<\/strong> Tento lapa\u010d je vyroben z vysoce kvalitn\u00edho kovu a je odoln\u00fd v\u016f\u010di pov\u011btrnostn\u00edm podm\u00ednk\u00e1m.<\/p>\n<p><img decoding=\"async\" src=\"https:\/\/www.stopmole.co\/wp-content\/uploads\/2025\/06\/Feedbin-Icon-check.svg_8faf4e0b-f89d-486c-aa08-b431a33525ea_icon.png?v=1541148886\" alt=\"\" width=\"18\" height=\"15\" data-mce-fragment=\"1\" \/>\u00a0 \u00a0<strong>Opakovan\u00e9 pou\u017eit\u00ed:<\/strong> Past lze pou\u017e\u00edt opakovan\u011b, co\u017e z n\u00ed \u010din\u00ed n\u00e1kladov\u011b efektivn\u00ed \u0159e\u0161en\u00ed trval\u00fdch probl\u00e9m\u016f s krtky.<\/p>\n<p><img decoding=\"async\" src=\"https:\/\/www.stopmole.co\/wp-content\/uploads\/2025\/06\/Feedbin-Icon-check.svg_8faf4e0b-f89d-486c-aa08-b431a33525ea_icon.png?v=1541148886\" alt=\"\" width=\"18\" height=\"15\" data-mce-fragment=\"1\" \/>\u00a0 \u00a0<strong>Z\u00e1ruka vr\u00e1cen\u00ed pen\u011bz:<\/strong> Pokud na\u0161e past nespln\u00ed va\u0161e o\u010dek\u00e1v\u00e1n\u00ed, nab\u00edz\u00edme plnou z\u00e1ruku vr\u00e1cen\u00ed pen\u011bz pro va\u0161i spokojenost.<\/p>\n<p><img decoding=\"async\" src=\"https:\/\/www.stopmole.co\/wp-content\/uploads\/2025\/06\/Feedbin-Icon-check.svg_8faf4e0b-f89d-486c-aa08-b431a33525ea_icon.png?v=1541148886\" alt=\"\" width=\"18\" height=\"15\" data-mce-fragment=\"1\" \/>\u00a0 \u00a0<strong>V\u0161estrannost:<\/strong> Vhodn\u00fd pro v\u0161echny typy krtk\u016f, v\u010detn\u011b n\u011bkter\u00fdch nejb\u011b\u017en\u011bj\u0161\u00edch, jako je krtek evropsk\u00fd, hv\u011bzdicovit\u00fd, v\u00fdchodn\u00ed a pob\u0159e\u017en\u00ed.<\/p>\n<p><strong>N\u00e1vod k pou\u017eit\u00ed:<\/strong><\/p>\n<ul>\n<li>Identifikujte aktivn\u00ed krt\u010d\u00ed tunel na zahrad\u011b nebo v tr\u00e1vn\u00edku.<\/li>\n<li>Vykopejte d\u00edru v krt\u010d\u00edm tunelu a bezpe\u010dn\u011b do n\u00ed um\u00edst\u011bte past.<\/li>\n<li>Zkontrolujte, zda je past spr\u00e1vn\u011b nastavena a zda je pru\u017einov\u00fd mechanismus aktivn\u00ed.<\/li>\n<li>Past lehce zasypte zeminou a nechte odkryt\u00fd spou\u0161t\u011bc\u00ed mechanismus.<\/li>\n<li>Past pravideln\u011b kontrolujte a zachycen\u00e9 krtky bezpe\u010dn\u011b odstra\u0148te. Podle pot\u0159eby past znovu nastavte, aby mohla b\u00fdt d\u00e1le pou\u017e\u00edv\u00e1na.<\/li>\n<\/ul>","protected":false},"excerpt":{"rendered":"<p>\u00a0Highly Effective: This mole trap is designed to eliminate up to 10,000 moles efficiently, ensuring your garden or lawn is free from these pests. \u00a0 \u00a0Durable and Sturdy: Crafted from high-quality metal, this trap is built to last, providing long-term performance and resistance to weather conditions. \u00a0 \u00a0Reusable: The trap can be used multiple times, [&hellip;]<\/p>\n","protected":false},"featured_media":22994,"comment_status":"open","ping_status":"closed","template":"","meta":{"_uag_custom_page_level_css":"","site-sidebar-layout":"default","site-content-layout":"","ast-site-content-layout":"default","site-content-style":"default","site-sidebar-style":"default","ast-global-header-display":"","ast-banner-title-visibility":"","ast-main-header-display":"","ast-hfb-above-header-display":"","ast-hfb-below-header-display":"","ast-hfb-mobile-header-display":"","site-post-title":"","ast-breadcrumbs-content":"","ast-featured-img":"","footer-sml-layout":"","ast-disable-related-posts":"","theme-transparent-header-meta":"default","adv-header-id-meta":"","stick-header-meta":"","header-above-stick-meta":"","header-main-stick-meta":"","header-below-stick-meta":"","astra-migrate-meta-layouts":"set","ast-page-background-enabled":"default","ast-page-background-meta":{"desktop":{"background-color":"var(--ast-global-color-4)","background-image":"","background-repeat":"repeat","background-position":"center center","background-size":"auto","background-attachment":"scroll","background-type":"","background-media":"","overlay-type":"","overlay-color":"","overlay-opacity":"","overlay-gradient":""},"tablet":{"background-color":"","background-image":"","background-repeat":"repeat","background-position":"center center","background-size":"auto","background-attachment":"scroll","background-type":"","background-media":"","overlay-type":"","overlay-color":"","overlay-opacity":"","overlay-gradient":""},"mobile":{"background-color":"","background-image":"","background-repeat":"repeat","background-position":"center center","background-size":"auto","background-attachment":"scroll","background-type":"","background-media":"","overlay-type":"","overlay-color":"","overlay-opacity":"","overlay-gradient":""}},"ast-content-background-meta":{"desktop":{"background-color":"var(--ast-global-color-5)","background-image":"","background-repeat":"repeat","background-position":"center center","background-size":"auto","background-attachment":"scroll","background-type":"","background-media":"","overlay-type":"","overlay-color":"","overlay-opacity":"","overlay-gradient":""},"tablet":{"background-color":"var(--ast-global-color-5)","background-image":"","background-repeat":"repeat","background-position":"center center","background-size":"auto","background-attachment":"scroll","background-type":"","background-media":"","overlay-type":"","overlay-color":"","overlay-opacity":"","overlay-gradient":""},"mobile":{"background-color":"var(--ast-global-color-5)","background-image":"","background-repeat":"repeat","background-position":"center center","background-size":"auto","background-attachment":"scroll","background-type":"","background-media":"","overlay-type":"","overlay-color":"","overlay-opacity":"","overlay-gradient":""}}},"product_brand":[],"product_cat":[15],"product_tag":[],"class_list":{"0":"post-22989","1":"product","2":"type-product","3":"status-publish","4":"has-post-thumbnail","6":"product_cat-shop","7":"desktop-align-left","8":"tablet-align-left","9":"mobile-align-left","11":"first","12":"instock","13":"taxable","14":"shipping-taxable","15":"purchasable","16":"product-type-simple"},"spectra_custom_meta":{"_visibility":["visible"],"_shopify_product_id":["7729645912304"],"_s2w_shopify_domain":["stopmole.myshopify.com"],"_shopify_variant_id":["42380257919216"],"_sku":["SMMOLEKILLER"],"_regular_price":["29.90"],"_price":["29.90"],"_sale_price":[""],"_weight":["0.2"],"_thumbnail_id":["22994"],"_global_unique_id":["5056773801059"],"total_sales":["55"],"_tax_status":["taxable"],"_tax_class":[""],"_manage_stock":["no"],"_backorders":["no"],"_sold_individually":["no"],"_virtual":["no"],"_downloadable":["no"],"_download_limit":["-1"],"_download_expiry":["-1"],"_stock":[null],"_stock_status":["instock"],"_wc_average_rating":["4.47"],"_wc_review_count":["447"],"_product_version":["9.9.3"],"_edit_lock":["1749989923:1"],"merchant-center-id":["MOL"],"merchant-center-availability":["yes"],"merchant-center-category":["7137"],"_edit_last":["1"],"_wp_page_template":["default"],"site-sidebar-layout":["default"],"ast-site-content-layout":["default"],"site-content-style":["default"],"site-sidebar-style":["default"],"theme-transparent-header-meta":["default"],"astra-migrate-meta-layouts":["set"],"_wc_rating_count":["a:3:{i:3;i:61;i:4;i:117;i:5;i:269;}"],"_uag_css_file_name":["uag-css-22989.css"],"_elementor_page_assets":["a:0:{}"]},"uagb_featured_image_src":{"full":["https:\/\/www.stopmole.co\/wp-content\/uploads\/2025\/06\/40600-box-halfside-mockup.jpg",2560,2560,false],"thumbnail":["https:\/\/www.stopmole.co\/wp-content\/uploads\/2025\/06\/40600-box-halfside-mockup-150x150.jpg",150,150,true],"medium":["https:\/\/www.stopmole.co\/wp-content\/uploads\/2025\/06\/40600-box-halfside-mockup-300x300.jpg",300,300,true],"medium_large":["https:\/\/www.stopmole.co\/wp-content\/uploads\/2025\/06\/40600-box-halfside-mockup-768x768.jpg",768,768,true],"large":["https:\/\/www.stopmole.co\/wp-content\/uploads\/2025\/06\/40600-box-halfside-mockup-1024x1024.jpg",1024,1024,true],"1536x1536":["https:\/\/www.stopmole.co\/wp-content\/uploads\/2025\/06\/40600-box-halfside-mockup-1536x1536.jpg",1536,1536,true],"2048x2048":["https:\/\/www.stopmole.co\/wp-content\/uploads\/2025\/06\/40600-box-halfside-mockup-2048x2048.jpg",2048,2048,true],"trp-custom-language-flag":["https:\/\/www.stopmole.co\/wp-content\/uploads\/2025\/06\/40600-box-halfside-mockup-12x12.jpg",12,12,true],"woocommerce_thumbnail":["https:\/\/www.stopmole.co\/wp-content\/uploads\/2025\/06\/40600-box-halfside-mockup-300x300.jpg",300,300,true],"woocommerce_single":["https:\/\/www.stopmole.co\/wp-content\/uploads\/2025\/06\/40600-box-halfside-mockup-600x600.jpg",600,600,true],"woocommerce_gallery_thumbnail":["https:\/\/www.stopmole.co\/wp-content\/uploads\/2025\/06\/40600-box-halfside-mockup-100x100.jpg",100,100,true]},"uagb_author_info":{"display_name":"admin","author_link":"https:\/\/www.stopmole.co\/cz\/author\/"},"uagb_comment_info":447,"uagb_excerpt":"\u00a0Highly Effective: This mole trap is designed to eliminate up to 10,000 moles efficiently, ensuring your garden or lawn is free from these pests. \u00a0 \u00a0Durable and Sturdy: Crafted from high-quality metal, this trap is built to last, providing long-term performance and resistance to weather conditions. \u00a0 \u00a0Reusable: The trap can be used multiple times,&hellip;","_links":{"self":[{"href":"https:\/\/www.stopmole.co\/cz\/wp-json\/wp\/v2\/product\/22989","targetHints":{"allow":["GET"]}}],"collection":[{"href":"https:\/\/www.stopmole.co\/cz\/wp-json\/wp\/v2\/product"}],"about":[{"href":"https:\/\/www.stopmole.co\/cz\/wp-json\/wp\/v2\/types\/product"}],"replies":[{"embeddable":true,"href":"https:\/\/www.stopmole.co\/cz\/wp-json\/wp\/v2\/comments?post=22989"}],"version-history":[{"count":2,"href":"https:\/\/www.stopmole.co\/cz\/wp-json\/wp\/v2\/product\/22989\/revisions"}],"predecessor-version":[{"id":23034,"href":"https:\/\/www.stopmole.co\/cz\/wp-json\/wp\/v2\/product\/22989\/revisions\/23034"}],"wp:featuredmedia":[{"embeddable":true,"href":"https:\/\/www.stopmole.co\/cz\/wp-json\/wp\/v2\/media\/22994"}],"wp:attachment":[{"href":"https:\/\/www.stopmole.co\/cz\/wp-json\/wp\/v2\/media?parent=22989"}],"wp:term":[{"taxonomy":"product_brand","embeddable":true,"href":"https:\/\/www.stopmole.co\/cz\/wp-json\/wp\/v2\/product_brand?post=22989"},{"taxonomy":"product_cat","embeddable":true,"href":"https:\/\/www.stopmole.co\/cz\/wp-json\/wp\/v2\/product_cat?post=22989"},{"taxonomy":"product_tag","embeddable":true,"href":"https:\/\/www.stopmole.co\/cz\/wp-json\/wp\/v2\/product_tag?post=22989"}],"curies":[{"name":"wp","href":"https:\/\/api.w.org\/{rel}","templated":true}]}}